{"id":2013,"date":"2023-11-24T12:33:14","date_gmt":"2023-11-24T12:33:14","guid":{"rendered":"https:\/\/www.jcd-logistique.fr\/stockage\/"},"modified":"2024-05-22T14:14:26","modified_gmt":"2024-05-22T14:14:26","slug":"storage","status":"publish","type":"page","link":"https:\/\/www.jcd-logistique.fr\/en\/storage\/","title":{"rendered":"Storage"},"content":{"rendered":"\n<div class=\"wp-block-media-text is-stacked-on-mobile\" style=\"grid-template-columns:32% auto\"><figure class=\"wp-block-media-text__media\"><img decoding=\"async\" width=\"513\" height=\"525\" src=\"https:\/\/www.jcd-logistique.fr\/wp-content\/uploads\/2023\/10\/carte.jpg\" alt=\"JCD Logistique : position strat\u00e9gique\" class=\"wp-image-597 size-full\" srcset=\"https:\/\/www.jcd-logistique.fr\/wp-content\/uploads\/2023\/10\/carte.jpg 513w, https:\/\/www.jcd-logistique.fr\/wp-content\/uploads\/2023\/10\/carte-293x300.jpg 293w\" sizes=\"(max-width: 513px) 100vw, 513px\" \/><\/figure><div class=\"wp-block-media-text__content\">\n<p><strong>Our logistics centre is located near Grenoble<\/strong>, close to major roads and transport hubs.<\/p>\n<\/div><\/div>\n\n\n\n<div class=\"wp-block-media-text has-media-on-the-right is-stacked-on-mobile\"><div class=\"wp-block-media-text__content\">\n<ul class=\"wp-block-list\">\n<li>The premises are <strong>completely secure and equipped with an alarm<\/strong> linked to the Securitas control centre.<\/li>\n\n\n\n<li>Our warehouse is <strong>specially designed for e-commerce logistics:<\/strong> preparation and picking areas take up a large part of the space.<\/li>\n\n\n\n<li><p><strong>Several delivery bays<\/strong> allow goods to be unloaded and loaded.<\/p><\/li>\n<\/ul>\n<\/div><figure class=\"wp-block-media-text__media\"><img decoding=\"async\" width=\"818\" height=\"620\" src=\"https:\/\/www.jcd-logistique.fr\/wp-content\/uploads\/2023\/10\/camion.jpg\" alt=\"JCD Logistique : camion de transport\" class=\"wp-image-598 size-full\" srcset=\"https:\/\/www.jcd-logistique.fr\/wp-content\/uploads\/2023\/10\/camion.jpg 818w, https:\/\/www.jcd-logistique.fr\/wp-content\/uploads\/2023\/10\/camion-300x227.jpg 300w, https:\/\/www.jcd-logistique.fr\/wp-content\/uploads\/2023\/10\/camion-768x582.jpg 768w\" sizes=\"(max-width: 818px) 100vw, 818px\" \/><\/figure><\/div>\n\n\n\n<div style=\"height:30px\" aria-hidden=\"true\" class=\"wp-block-spacer\"><\/div>\n\n\n\n<h6 class=\"wp-block-heading has-text-align-center\"><p><img decoding=\"async\" width=\"50\" height=\"50\" class=\"wp-image-1191\" style=\"width: 50px;\" src=\"https:\/\/www.jcd-logistique.fr\/wp-content\/uploads\/2023\/10\/nos-methodes.png\" alt=\"\" data-mce-src=\"https:\/\/www.jcd-logistique.fr\/wp-content\/uploads\/2023\/10\/nos-methodes.png\" data-mce-style=\"width: 50px;\" srcset=\"https:\/\/www.jcd-logistique.fr\/wp-content\/uploads\/2023\/10\/nos-methodes.png 512w, https:\/\/www.jcd-logistique.fr\/wp-content\/uploads\/2023\/10\/nos-methodes-300x300.png 300w, https:\/\/www.jcd-logistique.fr\/wp-content\/uploads\/2023\/10\/nos-methodes-150x150.png 150w\" sizes=\"(max-width: 50px) 100vw, 50px\" \/><\/p><p>Our working methods :<\/p><\/h6>\n\n\n\n<div class=\"wp-block-columns is-layout-flex wp-container-core-columns-is-layout-9d6595d7 wp-block-columns-is-layout-flex\">\n<div class=\"wp-block-column is-layout-flow wp-block-column-is-layout-flow\"><div class=\"wp-block-image\">\n<figure class=\"alignleft size-full\"><img decoding=\"async\" width=\"527\" height=\"739\" src=\"https:\/\/www.jcd-logistique.fr\/wp-content\/uploads\/2023\/10\/lineaire.jpg\" alt=\"JCD Logistique : stockage lineaire\" class=\"wp-image-602\" title=\"lineaire\" srcset=\"https:\/\/www.jcd-logistique.fr\/wp-content\/uploads\/2023\/10\/lineaire.jpg 527w, https:\/\/www.jcd-logistique.fr\/wp-content\/uploads\/2023\/10\/lineaire-214x300.jpg 214w\" sizes=\"(max-width: 527px) 100vw, 527px\" \/><\/figure>\n<\/div><\/div>\n\n\n\n<div class=\"wp-block-column is-layout-flow wp-block-column-is-layout-flow\"><div class=\"wp-block-image\">\n<figure class=\"alignright size-full\"><img decoding=\"async\" width=\"522\" height=\"738\" src=\"https:\/\/www.jcd-logistique.fr\/wp-content\/uploads\/2023\/10\/stockage-palette.jpg\" alt=\"JCD Logistique : stockage palette\" class=\"wp-image-603\" title=\"stockage palette\" srcset=\"https:\/\/www.jcd-logistique.fr\/wp-content\/uploads\/2023\/10\/stockage-palette.jpg 522w, https:\/\/www.jcd-logistique.fr\/wp-content\/uploads\/2023\/10\/stockage-palette-212x300.jpg 212w\" sizes=\"(max-width: 522px) 100vw, 522px\" \/><\/figure>\n<\/div><\/div>\n<\/div>\n\n\n\n<div class=\"wp-block-columns is-layout-flex wp-container-core-columns-is-layout-9d6595d7 wp-block-columns-is-layout-flex\">\n<div class=\"wp-block-column is-layout-flow wp-block-column-is-layout-flow\">\n<p><strong>Shelf storage in linear metres<\/strong> is the preferred method to facilitate picking operations.<\/p>\n<\/div>\n\n\n\n<div class=\"wp-block-column is-layout-flow wp-block-column-is-layout-flow\">\n<p><\/p>\n\n\n\n<p><strong>Storage on pallets<\/strong> is used for large quantities or bulky products.<\/p>\n<\/div>\n<\/div>\n\n\n<p><strong>Your products are insured<\/strong> against theft, fire and water damage.<\/p>\n\n\n<div style=\"height:20px\" aria-hidden=\"true\" class=\"wp-block-spacer\"><\/div>\n\n\n\n<h6 class=\"wp-block-heading has-text-align-center\"><p><img decoding=\"async\" width=\"50\" height=\"50\" class=\"wp-image-1188\" style=\"width: 50px;\" src=\"https:\/\/www.jcd-logistique.fr\/wp-content\/uploads\/2023\/10\/nos-tarifs-2.png\" alt=\"\" data-mce-src=\"https:\/\/www.jcd-logistique.fr\/wp-content\/uploads\/2023\/10\/nos-tarifs-2.png\" data-mce-style=\"width: 50px;\" srcset=\"https:\/\/www.jcd-logistique.fr\/wp-content\/uploads\/2023\/10\/nos-tarifs-2.png 512w, https:\/\/www.jcd-logistique.fr\/wp-content\/uploads\/2023\/10\/nos-tarifs-2-300x300.png 300w, https:\/\/www.jcd-logistique.fr\/wp-content\/uploads\/2023\/10\/nos-tarifs-2-150x150.png 150w\" sizes=\"(max-width: 50px) 100vw, 50px\" \/><\/p><p>Our rates :<\/p><\/h6>\n\n\n\n<div style=\"height:20px\" aria-hidden=\"true\" class=\"wp-block-spacer\"><\/div>\n\n\n\n<ul class=\"wp-block-list\">\n<li><p><strong>Shelf storage in linear metres :<\/strong> monthly charge of 3.00\u20ac per linear metre of shelving (minimum dimensions 100 x 40 x 40 cm)<\/p><\/li>\n\n\n\n<li><p><strong>Storage on pallets :<\/strong> monthly charge of 8.00\u20ac per pallet (minimum dimensions 120 x 80 x 140 cm)<\/p><\/li>\n<\/ul>\n\n\n<p><strong>These catalogue prices are given for guidance only<\/strong>. You can request a personalised quote by completing our form.<\/p>","protected":false},"excerpt":{"rendered":"<p>Our logistics centre is located near Grenoble, close to major roads and transport hubs. Our working methods : Shelf storage in linear metres is the preferred method to facilitate picking operations. Storage on pallets is used for large quantities or bulky products. Your products are insured against theft, fire and water damage. Our rates : [&hellip;]<\/p>\n","protected":false},"author":3,"featured_media":758,"parent":0,"menu_order":0,"comment_status":"closed","ping_status":"closed","template":"","meta":{"_acf_changed":false,"footnotes":""},"class_list":["post-2013","page","type-page","status-publish","has-post-thumbnail","hentry"],"acf":[],"yoast_head":"<!-- This site is optimized with the Yoast SEO plugin v27.5 - https:\/\/yoast.com\/product\/yoast-seo-wordpress\/ -->\n<title>Storage, Services et Solutions Logistiques Sur Mesure | JCD<\/title>\n<meta name=\"description\" content=\"D\u00e9couvrez notre Storage complet et sur mesure pour r\u00e9pondre \u00e0 tous vos besoins d&#039;approvisionnement et de distribution. Contactez-nous d\u00e8s aujourd&#039;hui pour b\u00e9n\u00e9ficier de notre expertise et am\u00e9liorer l&#039;efficacit\u00e9 de vos op\u00e9rations logistiques.\" \/>\n<meta name=\"robots\" content=\"index, follow, max-snippet:-1, max-image-preview:large, max-video-preview:-1\" \/>\n<link rel=\"canonical\" href=\"https:\/\/www.jcd-logistique.fr\/en\/storage\/\" \/>\n<meta property=\"og:locale\" content=\"en_US\" \/>\n<meta property=\"og:type\" content=\"article\" \/>\n<meta property=\"og:title\" content=\"Storage, Services et Solutions Logistiques Sur Mesure | JCD\" \/>\n<meta property=\"og:description\" content=\"D\u00e9couvrez notre Storage complet et sur mesure pour r\u00e9pondre \u00e0 tous vos besoins d&#039;approvisionnement et de distribution. Contactez-nous d\u00e8s aujourd&#039;hui pour b\u00e9n\u00e9ficier de notre expertise et am\u00e9liorer l&#039;efficacit\u00e9 de vos op\u00e9rations logistiques.\" \/>\n<meta property=\"og:url\" content=\"https:\/\/www.jcd-logistique.fr\/en\/storage\/\" \/>\n<meta property=\"og:site_name\" content=\"JCD\" \/>\n<meta property=\"article:modified_time\" content=\"2024-05-22T14:14:26+00:00\" \/>\n<meta property=\"og:image\" content=\"https:\/\/www.jcd-logistique.fr\/wp-content\/uploads\/2023\/10\/stockage-palette.jpg\" \/>\n\t<meta property=\"og:image:width\" content=\"522\" \/>\n\t<meta property=\"og:image:height\" content=\"738\" \/>\n\t<meta property=\"og:image:type\" content=\"image\/jpeg\" \/>\n<meta name=\"twitter:card\" content=\"summary_large_image\" \/>\n<meta name=\"twitter:label1\" content=\"Est. reading time\" \/>\n\t<meta name=\"twitter:data1\" content=\"3 minutes\" \/>\n<script type=\"application\/ld+json\" class=\"yoast-schema-graph\">{\"@context\":\"https:\\\/\\\/schema.org\",\"@graph\":[{\"@type\":\"WebPage\",\"@id\":\"https:\\\/\\\/www.jcd-logistique.fr\\\/en\\\/storage\\\/\",\"url\":\"https:\\\/\\\/www.jcd-logistique.fr\\\/en\\\/storage\\\/\",\"name\":\"Storage, Services et Solutions Logistiques Sur Mesure | JCD\",\"isPartOf\":{\"@id\":\"https:\\\/\\\/www.jcd-logistique.fr\\\/en\\\/#website\"},\"primaryImageOfPage\":{\"@id\":\"https:\\\/\\\/www.jcd-logistique.fr\\\/en\\\/storage\\\/#primaryimage\"},\"image\":{\"@id\":\"https:\\\/\\\/www.jcd-logistique.fr\\\/en\\\/storage\\\/#primaryimage\"},\"thumbnailUrl\":\"https:\\\/\\\/www.jcd-logistique.fr\\\/wp-content\\\/uploads\\\/2023\\\/10\\\/stockage-palette.jpg\",\"datePublished\":\"2023-11-24T12:33:14+00:00\",\"dateModified\":\"2024-05-22T14:14:26+00:00\",\"description\":\"D\u00e9couvrez notre Storage complet et sur mesure pour r\u00e9pondre \u00e0 tous vos besoins d'approvisionnement et de distribution. Contactez-nous d\u00e8s aujourd'hui pour b\u00e9n\u00e9ficier de notre expertise et am\u00e9liorer l'efficacit\u00e9 de vos op\u00e9rations logistiques.\",\"breadcrumb\":{\"@id\":\"https:\\\/\\\/www.jcd-logistique.fr\\\/en\\\/storage\\\/#breadcrumb\"},\"inLanguage\":\"en-US\",\"potentialAction\":[{\"@type\":\"ReadAction\",\"target\":[\"https:\\\/\\\/www.jcd-logistique.fr\\\/en\\\/storage\\\/\"]}]},{\"@type\":\"ImageObject\",\"inLanguage\":\"en-US\",\"@id\":\"https:\\\/\\\/www.jcd-logistique.fr\\\/en\\\/storage\\\/#primaryimage\",\"url\":\"https:\\\/\\\/www.jcd-logistique.fr\\\/wp-content\\\/uploads\\\/2023\\\/10\\\/stockage-palette.jpg\",\"contentUrl\":\"https:\\\/\\\/www.jcd-logistique.fr\\\/wp-content\\\/uploads\\\/2023\\\/10\\\/stockage-palette.jpg\",\"width\":522,\"height\":738,\"caption\":\"stockage palette\"},{\"@type\":\"BreadcrumbList\",\"@id\":\"https:\\\/\\\/www.jcd-logistique.fr\\\/en\\\/storage\\\/#breadcrumb\",\"itemListElement\":[{\"@type\":\"ListItem\",\"position\":1,\"name\":\"Accueil\",\"item\":\"https:\\\/\\\/www.jcd-logistique.fr\\\/en\\\/\"},{\"@type\":\"ListItem\",\"position\":2,\"name\":\"Storage\"}]},{\"@type\":\"WebSite\",\"@id\":\"https:\\\/\\\/www.jcd-logistique.fr\\\/en\\\/#website\",\"url\":\"https:\\\/\\\/www.jcd-logistique.fr\\\/en\\\/\",\"name\":\"JCD Logistique\",\"description\":\"Prestataire logistique et transport pour sites e-commerce\",\"publisher\":{\"@id\":\"https:\\\/\\\/www.jcd-logistique.fr\\\/en\\\/#organization\"},\"alternateName\":\"JCD Logistique\",\"potentialAction\":[{\"@type\":\"SearchAction\",\"target\":{\"@type\":\"EntryPoint\",\"urlTemplate\":\"https:\\\/\\\/www.jcd-logistique.fr\\\/en\\\/?s={search_term_string}\"},\"query-input\":{\"@type\":\"PropertyValueSpecification\",\"valueRequired\":true,\"valueName\":\"search_term_string\"}}],\"inLanguage\":\"en-US\"},{\"@type\":\"Organization\",\"@id\":\"https:\\\/\\\/www.jcd-logistique.fr\\\/en\\\/#organization\",\"name\":\"JCD Logistique\",\"url\":\"https:\\\/\\\/www.jcd-logistique.fr\\\/en\\\/\",\"logo\":{\"@type\":\"ImageObject\",\"inLanguage\":\"en-US\",\"@id\":\"https:\\\/\\\/www.jcd-logistique.fr\\\/en\\\/#\\\/schema\\\/logo\\\/image\\\/\",\"url\":\"https:\\\/\\\/www.jcd-logistique.fr\\\/wp-content\\\/uploads\\\/2023\\\/10\\\/Logo-JCD.png\",\"contentUrl\":\"https:\\\/\\\/www.jcd-logistique.fr\\\/wp-content\\\/uploads\\\/2023\\\/10\\\/Logo-JCD.png\",\"width\":400,\"height\":138,\"caption\":\"JCD Logistique\"},\"image\":{\"@id\":\"https:\\\/\\\/www.jcd-logistique.fr\\\/en\\\/#\\\/schema\\\/logo\\\/image\\\/\"}}]}<\/script>\n<!-- \/ Yoast SEO plugin. -->","yoast_head_json":{"title":"Storage, Services et Solutions Logistiques Sur Mesure | JCD","description":"D\u00e9couvrez notre Storage complet et sur mesure pour r\u00e9pondre \u00e0 tous vos besoins d'approvisionnement et de distribution. Contactez-nous d\u00e8s aujourd'hui pour b\u00e9n\u00e9ficier de notre expertise et am\u00e9liorer l'efficacit\u00e9 de vos op\u00e9rations logistiques.","robots":{"index":"index","follow":"follow","max-snippet":"max-snippet:-1","max-image-preview":"max-image-preview:large","max-video-preview":"max-video-preview:-1"},"canonical":"https:\/\/www.jcd-logistique.fr\/en\/storage\/","og_locale":"en_US","og_type":"article","og_title":"Storage, Services et Solutions Logistiques Sur Mesure | JCD","og_description":"D\u00e9couvrez notre Storage complet et sur mesure pour r\u00e9pondre \u00e0 tous vos besoins d'approvisionnement et de distribution. Contactez-nous d\u00e8s aujourd'hui pour b\u00e9n\u00e9ficier de notre expertise et am\u00e9liorer l'efficacit\u00e9 de vos op\u00e9rations logistiques.","og_url":"https:\/\/www.jcd-logistique.fr\/en\/storage\/","og_site_name":"JCD","article_modified_time":"2024-05-22T14:14:26+00:00","og_image":[{"width":522,"height":738,"url":"https:\/\/www.jcd-logistique.fr\/wp-content\/uploads\/2023\/10\/stockage-palette.jpg","type":"image\/jpeg"}],"twitter_card":"summary_large_image","twitter_misc":{"Est. reading time":"3 minutes"},"schema":{"@context":"https:\/\/schema.org","@graph":[{"@type":"WebPage","@id":"https:\/\/www.jcd-logistique.fr\/en\/storage\/","url":"https:\/\/www.jcd-logistique.fr\/en\/storage\/","name":"Storage, Services et Solutions Logistiques Sur Mesure | JCD","isPartOf":{"@id":"https:\/\/www.jcd-logistique.fr\/en\/#website"},"primaryImageOfPage":{"@id":"https:\/\/www.jcd-logistique.fr\/en\/storage\/#primaryimage"},"image":{"@id":"https:\/\/www.jcd-logistique.fr\/en\/storage\/#primaryimage"},"thumbnailUrl":"https:\/\/www.jcd-logistique.fr\/wp-content\/uploads\/2023\/10\/stockage-palette.jpg","datePublished":"2023-11-24T12:33:14+00:00","dateModified":"2024-05-22T14:14:26+00:00","description":"D\u00e9couvrez notre Storage complet et sur mesure pour r\u00e9pondre \u00e0 tous vos besoins d'approvisionnement et de distribution. Contactez-nous d\u00e8s aujourd'hui pour b\u00e9n\u00e9ficier de notre expertise et am\u00e9liorer l'efficacit\u00e9 de vos op\u00e9rations logistiques.","breadcrumb":{"@id":"https:\/\/www.jcd-logistique.fr\/en\/storage\/#breadcrumb"},"inLanguage":"en-US","potentialAction":[{"@type":"ReadAction","target":["https:\/\/www.jcd-logistique.fr\/en\/storage\/"]}]},{"@type":"ImageObject","inLanguage":"en-US","@id":"https:\/\/www.jcd-logistique.fr\/en\/storage\/#primaryimage","url":"https:\/\/www.jcd-logistique.fr\/wp-content\/uploads\/2023\/10\/stockage-palette.jpg","contentUrl":"https:\/\/www.jcd-logistique.fr\/wp-content\/uploads\/2023\/10\/stockage-palette.jpg","width":522,"height":738,"caption":"stockage palette"},{"@type":"BreadcrumbList","@id":"https:\/\/www.jcd-logistique.fr\/en\/storage\/#breadcrumb","itemListElement":[{"@type":"ListItem","position":1,"name":"Accueil","item":"https:\/\/www.jcd-logistique.fr\/en\/"},{"@type":"ListItem","position":2,"name":"Storage"}]},{"@type":"WebSite","@id":"https:\/\/www.jcd-logistique.fr\/en\/#website","url":"https:\/\/www.jcd-logistique.fr\/en\/","name":"JCD Logistique","description":"Prestataire logistique et transport pour sites e-commerce","publisher":{"@id":"https:\/\/www.jcd-logistique.fr\/en\/#organization"},"alternateName":"JCD Logistique","potentialAction":[{"@type":"SearchAction","target":{"@type":"EntryPoint","urlTemplate":"https:\/\/www.jcd-logistique.fr\/en\/?s={search_term_string}"},"query-input":{"@type":"PropertyValueSpecification","valueRequired":true,"valueName":"search_term_string"}}],"inLanguage":"en-US"},{"@type":"Organization","@id":"https:\/\/www.jcd-logistique.fr\/en\/#organization","name":"JCD Logistique","url":"https:\/\/www.jcd-logistique.fr\/en\/","logo":{"@type":"ImageObject","inLanguage":"en-US","@id":"https:\/\/www.jcd-logistique.fr\/en\/#\/schema\/logo\/image\/","url":"https:\/\/www.jcd-logistique.fr\/wp-content\/uploads\/2023\/10\/Logo-JCD.png","contentUrl":"https:\/\/www.jcd-logistique.fr\/wp-content\/uploads\/2023\/10\/Logo-JCD.png","width":400,"height":138,"caption":"JCD Logistique"},"image":{"@id":"https:\/\/www.jcd-logistique.fr\/en\/#\/schema\/logo\/image\/"}}]}},"_links":{"self":[{"href":"https:\/\/www.jcd-logistique.fr\/en\/wp-json\/wp\/v2\/pages\/2013","targetHints":{"allow":["GET"]}}],"collection":[{"href":"https:\/\/www.jcd-logistique.fr\/en\/wp-json\/wp\/v2\/pages"}],"about":[{"href":"https:\/\/www.jcd-logistique.fr\/en\/wp-json\/wp\/v2\/types\/page"}],"author":[{"embeddable":true,"href":"https:\/\/www.jcd-logistique.fr\/en\/wp-json\/wp\/v2\/users\/3"}],"replies":[{"embeddable":true,"href":"https:\/\/www.jcd-logistique.fr\/en\/wp-json\/wp\/v2\/comments?post=2013"}],"version-history":[{"count":6,"href":"https:\/\/www.jcd-logistique.fr\/en\/wp-json\/wp\/v2\/pages\/2013\/revisions"}],"predecessor-version":[{"id":2038,"href":"https:\/\/www.jcd-logistique.fr\/en\/wp-json\/wp\/v2\/pages\/2013\/revisions\/2038"}],"wp:featuredmedia":[{"embeddable":true,"href":"https:\/\/www.jcd-logistique.fr\/en\/wp-json\/wp\/v2\/media\/758"}],"wp:attachment":[{"href":"https:\/\/www.jcd-logistique.fr\/en\/wp-json\/wp\/v2\/media?parent=2013"}],"curies":[{"name":"wp","href":"https:\/\/api.w.org\/{rel}","templated":true}]}}