{"id":2007,"date":"2024-05-16T10:48:53","date_gmt":"2024-05-16T10:48:53","guid":{"rendered":"https:\/\/www.jcd-logistique.fr\/plan-du-site\/"},"modified":"2024-05-22T08:12:53","modified_gmt":"2024-05-22T08:12:53","slug":"sitemap","status":"publish","type":"page","link":"https:\/\/www.jcd-logistique.fr\/en\/sitemap\/","title":{"rendered":"Sitemap"},"content":{"rendered":"\n<div class=\"wsp-container\"><h2 class=\"wsp-pages-title\">Pages<\/h2>\n<ul class=\"wsp-pages-list\">\n<li class=\"page_item page-item-1395\"><a href=\"https:\/\/www.jcd-logistique.fr\/en\/about-us\/\">About us<\/a><\/li>\n<li class=\"page_item page-item-1397\"><a href=\"https:\/\/www.jcd-logistique.fr\/en\/box-logistics-and-bulk-deliveries\/\">Box logistics and bulk deliveries<\/a><\/li>\n<li class=\"page_item page-item-1392\"><a href=\"https:\/\/www.jcd-logistique.fr\/en\/contact-us\/\">Contact us<\/a><\/li>\n<li class=\"page_item page-item-1899\"><a href=\"https:\/\/www.jcd-logistique.fr\/en\/cookie-policy\/\">Cookie policy<\/a><\/li>\n<li class=\"page_item page-item-1497\"><a href=\"https:\/\/www.jcd-logistique.fr\/en\/logistics-e-commerce-solution\/\">E-commerce logistics solution<\/a><\/li>\n<li class=\"page_item page-item-782\"><a href=\"https:\/\/www.jcd-logistique.fr\/en\/\">JCD Logistique<\/a><\/li>\n<li class=\"page_item page-item-1390\"><a href=\"https:\/\/www.jcd-logistique.fr\/en\/legal-notice\/\">Legal notice<\/a><\/li>\n<li class=\"page_item page-item-1477\"><a href=\"https:\/\/www.jcd-logistique.fr\/en\/picking-and-packing\/\">Picking and packing<\/a><\/li>\n<li class=\"page_item page-item-1910\"><a href=\"https:\/\/www.jcd-logistique.fr\/en\/privacy-policy\/\">Privacy Policy<\/a><\/li>\n<li class=\"page_item page-item-1509\"><a href=\"https:\/\/www.jcd-logistique.fr\/en\/promotional-logistics\/\">Promotional logistics<\/a><\/li>\n<li class=\"page_item page-item-1396\"><a href=\"https:\/\/www.jcd-logistique.fr\/en\/receiving-and-checking\/\">Receiving and checking<\/a><\/li>\n<li class=\"page_item page-item-1463\"><a href=\"https:\/\/www.jcd-logistique.fr\/en\/returns-management\/\">Returns management<\/a><\/li>\n<li class=\"page_item page-item-1484\"><a href=\"https:\/\/www.jcd-logistique.fr\/en\/shipping-and-transport\/\">Shipping and transport<\/a><\/li>\n<li class=\"page_item page-item-2007\"><a href=\"https:\/\/www.jcd-logistique.fr\/en\/sitemap\/\">Sitemap<\/a><\/li>\n<li class=\"page_item page-item-2013\"><a href=\"https:\/\/www.jcd-logistique.fr\/en\/storage\/\">Storage<\/a><\/li>\n<\/ul>\n<\/div>\n\n\n\n<p><\/p>\n","protected":false},"excerpt":{"rendered":"","protected":false},"author":1,"featured_media":773,"parent":0,"menu_order":0,"comment_status":"closed","ping_status":"closed","template":"","meta":{"_acf_changed":false,"footnotes":""},"class_list":["post-2007","page","type-page","status-publish","has-post-thumbnail","hentry"],"acf":[],"yoast_head":"<!-- This site is optimized with the Yoast SEO plugin v27.4 - https:\/\/yoast.com\/product\/yoast-seo-wordpress\/ -->\n<title>Sitemap, Services et Solutions Logistiques Sur Mesure | JCD<\/title>\n<meta name=\"description\" content=\"D\u00e9couvrez notre Sitemap complet et sur mesure pour r\u00e9pondre \u00e0 tous vos besoins d&#039;approvisionnement et de distribution. Contactez-nous d\u00e8s aujourd&#039;hui pour b\u00e9n\u00e9ficier de notre expertise et am\u00e9liorer l&#039;efficacit\u00e9 de vos op\u00e9rations logistiques.\" \/>\n<meta name=\"robots\" content=\"index, follow, max-snippet:-1, max-image-preview:large, max-video-preview:-1\" \/>\n<link rel=\"canonical\" href=\"https:\/\/www.jcd-logistique.fr\/en\/sitemap\/\" \/>\n<meta property=\"og:locale\" content=\"en_US\" \/>\n<meta property=\"og:type\" content=\"article\" \/>\n<meta property=\"og:title\" content=\"Sitemap, Services et Solutions Logistiques Sur Mesure | JCD\" \/>\n<meta property=\"og:description\" content=\"D\u00e9couvrez notre Sitemap complet et sur mesure pour r\u00e9pondre \u00e0 tous vos besoins d&#039;approvisionnement et de distribution. Contactez-nous d\u00e8s aujourd&#039;hui pour b\u00e9n\u00e9ficier de notre expertise et am\u00e9liorer l&#039;efficacit\u00e9 de vos op\u00e9rations logistiques.\" \/>\n<meta property=\"og:url\" content=\"https:\/\/www.jcd-logistique.fr\/en\/sitemap\/\" \/>\n<meta property=\"og:site_name\" content=\"JCD\" \/>\n<meta property=\"article:modified_time\" content=\"2024-05-22T08:12:53+00:00\" \/>\n<meta property=\"og:image\" content=\"https:\/\/www.jcd-logistique.fr\/wp-content\/uploads\/2023\/10\/1-reception.png\" \/>\n\t<meta property=\"og:image:width\" content=\"540\" \/>\n\t<meta property=\"og:image:height\" content=\"175\" \/>\n\t<meta property=\"og:image:type\" content=\"image\/png\" \/>\n<meta name=\"twitter:card\" content=\"summary_large_image\" \/>\n<meta name=\"twitter:label1\" content=\"Est. reading time\" \/>\n\t<meta name=\"twitter:data1\" content=\"1 minute\" \/>\n<script type=\"application\/ld+json\" class=\"yoast-schema-graph\">{\"@context\":\"https:\\\/\\\/schema.org\",\"@graph\":[{\"@type\":\"WebPage\",\"@id\":\"https:\\\/\\\/www.jcd-logistique.fr\\\/en\\\/sitemap\\\/\",\"url\":\"https:\\\/\\\/www.jcd-logistique.fr\\\/en\\\/sitemap\\\/\",\"name\":\"Sitemap, Services et Solutions Logistiques Sur Mesure | JCD\",\"isPartOf\":{\"@id\":\"https:\\\/\\\/www.jcd-logistique.fr\\\/en\\\/#website\"},\"primaryImageOfPage\":{\"@id\":\"https:\\\/\\\/www.jcd-logistique.fr\\\/en\\\/sitemap\\\/#primaryimage\"},\"image\":{\"@id\":\"https:\\\/\\\/www.jcd-logistique.fr\\\/en\\\/sitemap\\\/#primaryimage\"},\"thumbnailUrl\":\"https:\\\/\\\/www.jcd-logistique.fr\\\/wp-content\\\/uploads\\\/2023\\\/10\\\/1-reception.png\",\"datePublished\":\"2024-05-16T10:48:53+00:00\",\"dateModified\":\"2024-05-22T08:12:53+00:00\",\"description\":\"D\u00e9couvrez notre Sitemap complet et sur mesure pour r\u00e9pondre \u00e0 tous vos besoins d'approvisionnement et de distribution. Contactez-nous d\u00e8s aujourd'hui pour b\u00e9n\u00e9ficier de notre expertise et am\u00e9liorer l'efficacit\u00e9 de vos op\u00e9rations logistiques.\",\"breadcrumb\":{\"@id\":\"https:\\\/\\\/www.jcd-logistique.fr\\\/en\\\/sitemap\\\/#breadcrumb\"},\"inLanguage\":\"en-US\",\"potentialAction\":[{\"@type\":\"ReadAction\",\"target\":[\"https:\\\/\\\/www.jcd-logistique.fr\\\/en\\\/sitemap\\\/\"]}]},{\"@type\":\"ImageObject\",\"inLanguage\":\"en-US\",\"@id\":\"https:\\\/\\\/www.jcd-logistique.fr\\\/en\\\/sitemap\\\/#primaryimage\",\"url\":\"https:\\\/\\\/www.jcd-logistique.fr\\\/wp-content\\\/uploads\\\/2023\\\/10\\\/1-reception.png\",\"contentUrl\":\"https:\\\/\\\/www.jcd-logistique.fr\\\/wp-content\\\/uploads\\\/2023\\\/10\\\/1-reception.png\",\"width\":540,\"height\":175,\"caption\":\"1 reception\"},{\"@type\":\"BreadcrumbList\",\"@id\":\"https:\\\/\\\/www.jcd-logistique.fr\\\/en\\\/sitemap\\\/#breadcrumb\",\"itemListElement\":[{\"@type\":\"ListItem\",\"position\":1,\"name\":\"Accueil\",\"item\":\"https:\\\/\\\/www.jcd-logistique.fr\\\/en\\\/\"},{\"@type\":\"ListItem\",\"position\":2,\"name\":\"Sitemap\"}]},{\"@type\":\"WebSite\",\"@id\":\"https:\\\/\\\/www.jcd-logistique.fr\\\/en\\\/#website\",\"url\":\"https:\\\/\\\/www.jcd-logistique.fr\\\/en\\\/\",\"name\":\"JCD Logistique\",\"description\":\"Prestataire logistique et transport pour sites e-commerce\",\"publisher\":{\"@id\":\"https:\\\/\\\/www.jcd-logistique.fr\\\/en\\\/#organization\"},\"alternateName\":\"JCD Logistique\",\"potentialAction\":[{\"@type\":\"SearchAction\",\"target\":{\"@type\":\"EntryPoint\",\"urlTemplate\":\"https:\\\/\\\/www.jcd-logistique.fr\\\/en\\\/?s={search_term_string}\"},\"query-input\":{\"@type\":\"PropertyValueSpecification\",\"valueRequired\":true,\"valueName\":\"search_term_string\"}}],\"inLanguage\":\"en-US\"},{\"@type\":\"Organization\",\"@id\":\"https:\\\/\\\/www.jcd-logistique.fr\\\/en\\\/#organization\",\"name\":\"JCD Logistique\",\"url\":\"https:\\\/\\\/www.jcd-logistique.fr\\\/en\\\/\",\"logo\":{\"@type\":\"ImageObject\",\"inLanguage\":\"en-US\",\"@id\":\"https:\\\/\\\/www.jcd-logistique.fr\\\/en\\\/#\\\/schema\\\/logo\\\/image\\\/\",\"url\":\"https:\\\/\\\/www.jcd-logistique.fr\\\/wp-content\\\/uploads\\\/2023\\\/10\\\/Logo-JCD.png\",\"contentUrl\":\"https:\\\/\\\/www.jcd-logistique.fr\\\/wp-content\\\/uploads\\\/2023\\\/10\\\/Logo-JCD.png\",\"width\":400,\"height\":138,\"caption\":\"JCD Logistique\"},\"image\":{\"@id\":\"https:\\\/\\\/www.jcd-logistique.fr\\\/en\\\/#\\\/schema\\\/logo\\\/image\\\/\"}}]}<\/script>\n<!-- \/ Yoast SEO plugin. -->","yoast_head_json":{"title":"Sitemap, Services et Solutions Logistiques Sur Mesure | JCD","description":"D\u00e9couvrez notre Sitemap complet et sur mesure pour r\u00e9pondre \u00e0 tous vos besoins d'approvisionnement et de distribution. Contactez-nous d\u00e8s aujourd'hui pour b\u00e9n\u00e9ficier de notre expertise et am\u00e9liorer l'efficacit\u00e9 de vos op\u00e9rations logistiques.","robots":{"index":"index","follow":"follow","max-snippet":"max-snippet:-1","max-image-preview":"max-image-preview:large","max-video-preview":"max-video-preview:-1"},"canonical":"https:\/\/www.jcd-logistique.fr\/en\/sitemap\/","og_locale":"en_US","og_type":"article","og_title":"Sitemap, Services et Solutions Logistiques Sur Mesure | JCD","og_description":"D\u00e9couvrez notre Sitemap complet et sur mesure pour r\u00e9pondre \u00e0 tous vos besoins d'approvisionnement et de distribution. Contactez-nous d\u00e8s aujourd'hui pour b\u00e9n\u00e9ficier de notre expertise et am\u00e9liorer l'efficacit\u00e9 de vos op\u00e9rations logistiques.","og_url":"https:\/\/www.jcd-logistique.fr\/en\/sitemap\/","og_site_name":"JCD","article_modified_time":"2024-05-22T08:12:53+00:00","og_image":[{"width":540,"height":175,"url":"https:\/\/www.jcd-logistique.fr\/wp-content\/uploads\/2023\/10\/1-reception.png","type":"image\/png"}],"twitter_card":"summary_large_image","twitter_misc":{"Est. reading time":"1 minute"},"schema":{"@context":"https:\/\/schema.org","@graph":[{"@type":"WebPage","@id":"https:\/\/www.jcd-logistique.fr\/en\/sitemap\/","url":"https:\/\/www.jcd-logistique.fr\/en\/sitemap\/","name":"Sitemap, Services et Solutions Logistiques Sur Mesure | JCD","isPartOf":{"@id":"https:\/\/www.jcd-logistique.fr\/en\/#website"},"primaryImageOfPage":{"@id":"https:\/\/www.jcd-logistique.fr\/en\/sitemap\/#primaryimage"},"image":{"@id":"https:\/\/www.jcd-logistique.fr\/en\/sitemap\/#primaryimage"},"thumbnailUrl":"https:\/\/www.jcd-logistique.fr\/wp-content\/uploads\/2023\/10\/1-reception.png","datePublished":"2024-05-16T10:48:53+00:00","dateModified":"2024-05-22T08:12:53+00:00","description":"D\u00e9couvrez notre Sitemap complet et sur mesure pour r\u00e9pondre \u00e0 tous vos besoins d'approvisionnement et de distribution. Contactez-nous d\u00e8s aujourd'hui pour b\u00e9n\u00e9ficier de notre expertise et am\u00e9liorer l'efficacit\u00e9 de vos op\u00e9rations logistiques.","breadcrumb":{"@id":"https:\/\/www.jcd-logistique.fr\/en\/sitemap\/#breadcrumb"},"inLanguage":"en-US","potentialAction":[{"@type":"ReadAction","target":["https:\/\/www.jcd-logistique.fr\/en\/sitemap\/"]}]},{"@type":"ImageObject","inLanguage":"en-US","@id":"https:\/\/www.jcd-logistique.fr\/en\/sitemap\/#primaryimage","url":"https:\/\/www.jcd-logistique.fr\/wp-content\/uploads\/2023\/10\/1-reception.png","contentUrl":"https:\/\/www.jcd-logistique.fr\/wp-content\/uploads\/2023\/10\/1-reception.png","width":540,"height":175,"caption":"1 reception"},{"@type":"BreadcrumbList","@id":"https:\/\/www.jcd-logistique.fr\/en\/sitemap\/#breadcrumb","itemListElement":[{"@type":"ListItem","position":1,"name":"Accueil","item":"https:\/\/www.jcd-logistique.fr\/en\/"},{"@type":"ListItem","position":2,"name":"Sitemap"}]},{"@type":"WebSite","@id":"https:\/\/www.jcd-logistique.fr\/en\/#website","url":"https:\/\/www.jcd-logistique.fr\/en\/","name":"JCD Logistique","description":"Prestataire logistique et transport pour sites e-commerce","publisher":{"@id":"https:\/\/www.jcd-logistique.fr\/en\/#organization"},"alternateName":"JCD Logistique","potentialAction":[{"@type":"SearchAction","target":{"@type":"EntryPoint","urlTemplate":"https:\/\/www.jcd-logistique.fr\/en\/?s={search_term_string}"},"query-input":{"@type":"PropertyValueSpecification","valueRequired":true,"valueName":"search_term_string"}}],"inLanguage":"en-US"},{"@type":"Organization","@id":"https:\/\/www.jcd-logistique.fr\/en\/#organization","name":"JCD Logistique","url":"https:\/\/www.jcd-logistique.fr\/en\/","logo":{"@type":"ImageObject","inLanguage":"en-US","@id":"https:\/\/www.jcd-logistique.fr\/en\/#\/schema\/logo\/image\/","url":"https:\/\/www.jcd-logistique.fr\/wp-content\/uploads\/2023\/10\/Logo-JCD.png","contentUrl":"https:\/\/www.jcd-logistique.fr\/wp-content\/uploads\/2023\/10\/Logo-JCD.png","width":400,"height":138,"caption":"JCD Logistique"},"image":{"@id":"https:\/\/www.jcd-logistique.fr\/en\/#\/schema\/logo\/image\/"}}]}},"_links":{"self":[{"href":"https:\/\/www.jcd-logistique.fr\/en\/wp-json\/wp\/v2\/pages\/2007","targetHints":{"allow":["GET"]}}],"collection":[{"href":"https:\/\/www.jcd-logistique.fr\/en\/wp-json\/wp\/v2\/pages"}],"about":[{"href":"https:\/\/www.jcd-logistique.fr\/en\/wp-json\/wp\/v2\/types\/page"}],"author":[{"embeddable":true,"href":"https:\/\/www.jcd-logistique.fr\/en\/wp-json\/wp\/v2\/users\/1"}],"replies":[{"embeddable":true,"href":"https:\/\/www.jcd-logistique.fr\/en\/wp-json\/wp\/v2\/comments?post=2007"}],"version-history":[{"count":4,"href":"https:\/\/www.jcd-logistique.fr\/en\/wp-json\/wp\/v2\/pages\/2007\/revisions"}],"predecessor-version":[{"id":2011,"href":"https:\/\/www.jcd-logistique.fr\/en\/wp-json\/wp\/v2\/pages\/2007\/revisions\/2011"}],"wp:featuredmedia":[{"embeddable":true,"href":"https:\/\/www.jcd-logistique.fr\/en\/wp-json\/wp\/v2\/media\/773"}],"wp:attachment":[{"href":"https:\/\/www.jcd-logistique.fr\/en\/wp-json\/wp\/v2\/media?parent=2007"}],"curies":[{"name":"wp","href":"https:\/\/api.w.org\/{rel}","templated":true}]}}